{"id":120,"date":"2024-10-01T06:27:00","date_gmt":"2024-10-01T06:27:00","guid":{"rendered":"https:\/\/wholesale.cablesafe.com\/?post_type=product&#038;p=120"},"modified":"2025-08-08T21:44:32","modified_gmt":"2025-08-08T21:44:32","slug":"abdecknetz-fur-beengte-raume","status":"publish","type":"product","link":"https:\/\/wholesale.cablesafe.com\/de\/product\/confined-space-cover-net\/","title":{"rendered":"Abdecknetz f\u00fcr enge R\u00e4ume"},"content":{"rendered":"<p><img fetchpriority=\"high\" decoding=\"async\" class=\"alignnone wp-image-10411\" src=\"https:\/\/cablesafe.com\/wp-content\/uploads\/2022\/08\/Cover-Net-\u2010-Gemaakt-met-Clipchamp-1.gif\" alt=\"\" width=\"478\" height=\"478\" \/><\/p>\n<p>Abdecknetze f\u00fcr beengte R\u00e4ume \/ Schachtabdecknetze wurden entwickelt, um das Betreten von engen R\u00e4umen zu verhindern, was ein gro\u00dfes Risiko f\u00fcr Arbeitnehmer darstellt. Unf\u00e4lle mit unbefugtem Betreten von engen R\u00e4umen sind oft t\u00f6dlich. Abdecknetze f\u00fcr enge R\u00e4ume und Schachtabdeckungen verringern das Risiko, dass Mitarbeiter und Auftragnehmer versehentlich durch diese gef\u00e4hrlichen \u00d6ffnungen eindringen.<\/p>\n<p>Die Barriere warnt die Mitarbeiter vor den Gefahren und verhindert ein unbefugtes (oder versehentliches) Eindringen. Sie besteht aus einem Netzmaterial mit Gummizug an den Seiten, so dass sie leicht um den Schacht gelegt werden kann und an Ort und Stelle bleibt. Dieses Produkt eignet sich auch, wenn Sie eine schnelle L\u00f6sung brauchen oder nicht sicher sind, ob die anderen Warnschranken und -schilder passen. Wenn es um die Sicherheit geht, gibt es nie genug M\u00f6glichkeiten.<\/p>\n<p>Abdecknetze f\u00fcr beengte R\u00e4ume sind so konzipiert, dass sie das versehentliche Betreten von geschlossenen R\u00e4umen verhindern. Das hochwertige deutsche Gewebe ist chemikalien- und korrosionsbest\u00e4ndig und eignet sich daher f\u00fcr die meisten schweren<br \/>\nindustrielle Nutzung.<\/p>\n<p>Das Abdecknetz ist f\u00fcr starke Windlasten ausgelegt und erm\u00f6glicht es, den Tank zu verschlie\u00dfen und gleichzeitig durch die breiten Gitter\u00f6ffnungen zu entl\u00fcften, um den Tank zu entl\u00fcften.<\/p>\n<p>ITEM ID:<\/p>\n<p>MH-CSCN-S<br \/>\nMH-CSCN-M<br \/>\nMH-CSCN-L<br \/>\nMH-CSCN-XL<\/p>","protected":false},"excerpt":{"rendered":"<p><strong style=\"font-size: 14.4px;\">Abdecknetz zur Beschr\u00e4nkung des Zugangs zum Schacht<br \/>\n<\/strong><span style=\"font-size: 14.4px;\">Verhindern Sie Unf\u00e4lle beim Betreten enger R\u00e4ume. Abdecknetze f\u00fcr enge R\u00e4ume \/ Schachtabdecknetze wurden entwickelt, um das Betreten von engen R\u00e4umen zu verhindern, was ein ernsthaftes Risiko f\u00fcr Arbeitnehmer darstellt.\u00a0<\/span><\/p>\n<p>* Mindestbestellmenge von 5 St\u00fcck<\/p>","protected":false},"featured_media":208,"template":"","meta":[],"product_brand":[],"product_cat":[210,25],"product_tag":[],"class_list":{"0":"post-120","1":"product","2":"type-product","3":"status-publish","4":"has-post-thumbnail","6":"product_cat-confined-space-cover-nets","7":"product_cat-confined-space-safety","9":"first","10":"instock","11":"taxable","12":"shipping-taxable","13":"product-type-variable"},"_links":{"self":[{"href":"https:\/\/wholesale.cablesafe.com\/de\/wp-json\/wp\/v2\/product\/120","targetHints":{"allow":["GET"]}}],"collection":[{"href":"https:\/\/wholesale.cablesafe.com\/de\/wp-json\/wp\/v2\/product"}],"about":[{"href":"https:\/\/wholesale.cablesafe.com\/de\/wp-json\/wp\/v2\/types\/product"}],"wp:featuredmedia":[{"embeddable":true,"href":"https:\/\/wholesale.cablesafe.com\/de\/wp-json\/wp\/v2\/media\/208"}],"wp:attachment":[{"href":"https:\/\/wholesale.cablesafe.com\/de\/wp-json\/wp\/v2\/media?parent=120"}],"wp:term":[{"taxonomy":"product_brand","embeddable":true,"href":"https:\/\/wholesale.cablesafe.com\/de\/wp-json\/wp\/v2\/product_brand?post=120"},{"taxonomy":"product_cat","embeddable":true,"href":"https:\/\/wholesale.cablesafe.com\/de\/wp-json\/wp\/v2\/product_cat?post=120"},{"taxonomy":"product_tag","embeddable":true,"href":"https:\/\/wholesale.cablesafe.com\/de\/wp-json\/wp\/v2\/product_tag?post=120"}],"curies":[{"name":"wp","href":"https:\/\/api.w.org\/{rel}","templated":true}]}}