{"id":14937,"date":"2025-08-08T21:30:24","date_gmt":"2025-08-08T21:30:24","guid":{"rendered":"https:\/\/wholesale.cablesafe.com\/?post_type=product&#038;p=14937"},"modified":"2026-03-19T13:32:19","modified_gmt":"2026-03-19T13:32:19","slug":"schutz-vor-herabfallenden-gegenstanden-kombinetz","status":"publish","type":"product","link":"https:\/\/wholesale.cablesafe.com\/de\/product\/dropped-objects-prevention-combi-net\/","title":{"rendered":"Schutz vor herabfallenden Gegenst\u00e4nden Kombi-Netz"},"content":{"rendered":"<p>Das CableSafe Combi Net ist ein leistungsstarkes Sicherheitsnetzsystem, das verhindert, dass Gegenst\u00e4nde herunterfallen und Verletzungen oder Sch\u00e4den verursachen. Das Netz besteht aus einem robusten Nylongewebe mit 10\u00d710 cm gro\u00dfen \u00d6ffnungen, das den Sicherheitsnormen EN 1263-1 entspricht, und ist mit einer zus\u00e4tzlichen Schicht aus feinem Schmutznetz verst\u00e4rkt. Die Kombination aus gro\u00dfen Maschen und feinem Netz sorgt daf\u00fcr, dass sowohl schwere Gegenst\u00e4nde als auch kleine Tr\u00fcmmer effektiv aufgefangen werden. Das Kombi-Netz ist ideal f\u00fcr den Einsatz in der Industrie, im Offshore-Bereich und im Bauwesen. Es ist f\u00fcr die horizontale Installation vorgesehen und bietet einen zuverl\u00e4ssigen, umfassenden Schutz.<\/p>\n<p>Artikel-ID:<br \/>\nDOPCN-10X10M<\/p>","protected":false},"excerpt":{"rendered":"<p class=\"p1\"><i>* Kundenspezifische Gr\u00f6\u00dfen und Optionen auf Anfrage erh\u00e4ltlich<\/i><\/p>","protected":false},"featured_media":14964,"template":"","meta":[],"product_brand":[],"product_cat":[26,249],"product_tag":[],"class_list":{"0":"post-14937","1":"product","2":"type-product","3":"status-publish","4":"has-post-thumbnail","6":"product_cat-dropped-objects-prevention","7":"product_cat-dropped-objects-prevention-combi-net","9":"first","10":"instock","11":"taxable","12":"shipping-taxable","13":"product-type-variable"},"_links":{"self":[{"href":"https:\/\/wholesale.cablesafe.com\/de\/wp-json\/wp\/v2\/product\/14937","targetHints":{"allow":["GET"]}}],"collection":[{"href":"https:\/\/wholesale.cablesafe.com\/de\/wp-json\/wp\/v2\/product"}],"about":[{"href":"https:\/\/wholesale.cablesafe.com\/de\/wp-json\/wp\/v2\/types\/product"}],"wp:featuredmedia":[{"embeddable":true,"href":"https:\/\/wholesale.cablesafe.com\/de\/wp-json\/wp\/v2\/media\/14964"}],"wp:attachment":[{"href":"https:\/\/wholesale.cablesafe.com\/de\/wp-json\/wp\/v2\/media?parent=14937"}],"wp:term":[{"taxonomy":"product_brand","embeddable":true,"href":"https:\/\/wholesale.cablesafe.com\/de\/wp-json\/wp\/v2\/product_brand?post=14937"},{"taxonomy":"product_cat","embeddable":true,"href":"https:\/\/wholesale.cablesafe.com\/de\/wp-json\/wp\/v2\/product_cat?post=14937"},{"taxonomy":"product_tag","embeddable":true,"href":"https:\/\/wholesale.cablesafe.com\/de\/wp-json\/wp\/v2\/product_tag?post=14937"}],"curies":[{"name":"wp","href":"https:\/\/api.w.org\/{rel}","templated":true}]}}