{"id":117,"date":"2024-10-01T06:27:00","date_gmt":"2024-10-01T06:27:00","guid":{"rendered":"https:\/\/wholesale.cablesafe.com\/?post_type=product&#038;p=117"},"modified":"2026-02-10T13:23:33","modified_gmt":"2026-02-10T13:23:33","slug":"senal-de-seguridad","status":"publish","type":"product","link":"https:\/\/wholesale.cablesafe.com\/es\/product\/safety-sign\/","title":{"rendered":"Se\u00f1al de seguridad"},"content":{"rendered":"<p><img fetchpriority=\"high\" decoding=\"async\" class=\"alignnone wp-image-10414\" src=\"https:\/\/cablesafe.com\/wp-content\/uploads\/2021\/01\/Safety-Sign-\u2010-Gemaakt-met-Clipchamp.gif\" alt=\"\" width=\"436\" height=\"436\" \/><\/p>\n<p>La se\u00f1al de seguridad de protecci\u00f3n de entrada de pl\u00e1stico corrugado pesado se adapta a la mayor\u00eda de las tapas de registro est\u00e1ndar. Los cordones el\u00e1sticos con ganchos permiten una instalaci\u00f3n muy f\u00e1cil en la brida de la boca de acceso. La se\u00f1al est\u00e1ndar es la se\u00f1al OSHA recomendada y redise\u00f1ada por CableSafe.<\/p>\n<p>La barrera est\u00e1ndar para espacios confinados OSHA advierte a los compa\u00f1eros de trabajo de sus peligros e impide la entrada no autorizada (o accidental). Las barreras de registro de pl\u00e1stico corrugado pesado se adaptan a la mayor\u00eda de las tapas de registro est\u00e1ndar. Los cordones el\u00e1sticos con ganchos permiten una instalaci\u00f3n muy f\u00e1cil en la brida de la boca de acceso.<\/p>\n<p>Basta con estirar las cuerdas el\u00e1sticas y atarlas alrededor del objeto u objetos para garantizar que se advierte a la gente de que no debe sobrepasar ese punto. Las medidas de seguridad no deben tomarse a la ligera, esperamos que estas medidas se apliquen con seriedad, y esperamos conseguirlo se\u00f1al a se\u00f1al.<\/p>\n<p>N\u00famero de art\u00edculo:<br \/>\nMH-PROT BARR SIGN<\/p>","protected":false},"excerpt":{"rendered":"<p><strong>Prevenci\u00f3n de accidentes en espacios confinados<\/strong><br \/>\nAunque pueda parecer una simple se\u00f1al, \u00e9sta es especial porque es extensible y se puede colocar en numerosos lugares, incluso en los que est\u00e1n deformados o no tienen ganchos, etc. La barrera de protecci\u00f3n de entrada a espacios confinados o la barrera de protecci\u00f3n de pozos de registro es la herramienta ideal de empleados y contratistas para asegurar estas aberturas peligrosas.<\/p>\n<p>* Pedido m\u00ednimo de 5 unidades<\/p>","protected":false},"featured_media":215,"template":"","meta":[],"product_brand":[],"product_cat":[211,25],"product_tag":[],"class_list":{"0":"post-117","1":"product","2":"type-product","3":"status-publish","4":"has-post-thumbnail","6":"product_cat-confined-space-entry-protection-safety-sign","7":"product_cat-confined-space-safety","9":"first","10":"instock","11":"taxable","12":"shipping-taxable","13":"product-type-simple"},"_links":{"self":[{"href":"https:\/\/wholesale.cablesafe.com\/es\/wp-json\/wp\/v2\/product\/117","targetHints":{"allow":["GET"]}}],"collection":[{"href":"https:\/\/wholesale.cablesafe.com\/es\/wp-json\/wp\/v2\/product"}],"about":[{"href":"https:\/\/wholesale.cablesafe.com\/es\/wp-json\/wp\/v2\/types\/product"}],"wp:featuredmedia":[{"embeddable":true,"href":"https:\/\/wholesale.cablesafe.com\/es\/wp-json\/wp\/v2\/media\/215"}],"wp:attachment":[{"href":"https:\/\/wholesale.cablesafe.com\/es\/wp-json\/wp\/v2\/media?parent=117"}],"wp:term":[{"taxonomy":"product_brand","embeddable":true,"href":"https:\/\/wholesale.cablesafe.com\/es\/wp-json\/wp\/v2\/product_brand?post=117"},{"taxonomy":"product_cat","embeddable":true,"href":"https:\/\/wholesale.cablesafe.com\/es\/wp-json\/wp\/v2\/product_cat?post=117"},{"taxonomy":"product_tag","embeddable":true,"href":"https:\/\/wholesale.cablesafe.com\/es\/wp-json\/wp\/v2\/product_tag?post=117"}],"curies":[{"name":"wp","href":"https:\/\/api.w.org\/{rel}","templated":true}]}}