{"id":124,"date":"2024-10-01T06:27:00","date_gmt":"2024-10-01T06:27:00","guid":{"rendered":"https:\/\/wholesale.cablesafe.com\/?post_type=product&#038;p=124"},"modified":"2025-07-18T10:13:51","modified_gmt":"2025-07-18T10:13:51","slug":"barrera-armonica","status":"publish","type":"product","link":"https:\/\/wholesale.cablesafe.com\/es\/product\/harmonica-barrier\/","title":{"rendered":"Barrera de la arm\u00f3nica"},"content":{"rendered":"<p><img fetchpriority=\"high\" decoding=\"async\" class=\"alignnone size-medium wp-image-6769\" src=\"https:\/\/cablesafe.com\/wp-content\/uploads\/2021\/02\/16-1-400x400.jpg\" alt=\"\" width=\"400\" height=\"400\" \/><\/p>\n<p>La barrera arm\u00f3nica, tambi\u00e9n conocida como valla arm\u00f3nica temporal, es una excelente opci\u00f3n para colocar barricadas en obras o bloquear el acceso a zonas para mantenimiento o limpieza. Este producto est\u00e1 dise\u00f1ado para uso en interiores y puede colocarse en l\u00ednea recta, en curva o en c\u00edrculo, seg\u00fan sea necesario. La barrera mide 3,85 m de largo y tiene 17 paneles articulados, lo que la hace ajustable para adaptarse a una gran variedad de espacios.<\/p>\n<p>La barrera Harmonica cuenta con dos ruedas que no dejan marcas para facilitar su desplazamiento y cuatro correas de bloqueo que aseguran la barrera en posici\u00f3n cerrada. Adem\u00e1s, es ligera y ocupa poco espacio (400 mm x 600 mm), lo que facilita su almacenamiento cuando no se utiliza. Este sistema de barricadas para la construcci\u00f3n es una forma eficaz y eficiente de garantizar la seguridad en su obra.<\/p>","protected":false},"excerpt":{"rendered":"<p><strong>Una soluci\u00f3n f\u00e1cil y r\u00e1pida para cerrar entradas, pasillos o pasarelas.<\/strong><\/p>\n<p>La barrera arm\u00f3nica CableSafe es la herramienta ideal para atrancar de forma r\u00e1pida y eficaz lugares (potencialmente) peligrosos. Adem\u00e1s, ocupan poco espacio cuando no se utilizan.<\/p>","protected":false},"featured_media":325,"template":"","meta":[],"product_brand":[],"product_cat":[25,216],"product_tag":[],"class_list":{"0":"post-124","1":"product","2":"type-product","3":"status-publish","4":"has-post-thumbnail","6":"product_cat-confined-space-safety","7":"product_cat-harmonica-barrier","9":"first","10":"instock","11":"taxable","12":"shipping-taxable","13":"product-type-simple"},"_links":{"self":[{"href":"https:\/\/wholesale.cablesafe.com\/es\/wp-json\/wp\/v2\/product\/124","targetHints":{"allow":["GET"]}}],"collection":[{"href":"https:\/\/wholesale.cablesafe.com\/es\/wp-json\/wp\/v2\/product"}],"about":[{"href":"https:\/\/wholesale.cablesafe.com\/es\/wp-json\/wp\/v2\/types\/product"}],"wp:featuredmedia":[{"embeddable":true,"href":"https:\/\/wholesale.cablesafe.com\/es\/wp-json\/wp\/v2\/media\/325"}],"wp:attachment":[{"href":"https:\/\/wholesale.cablesafe.com\/es\/wp-json\/wp\/v2\/media?parent=124"}],"wp:term":[{"taxonomy":"product_brand","embeddable":true,"href":"https:\/\/wholesale.cablesafe.com\/es\/wp-json\/wp\/v2\/product_brand?post=124"},{"taxonomy":"product_cat","embeddable":true,"href":"https:\/\/wholesale.cablesafe.com\/es\/wp-json\/wp\/v2\/product_cat?post=124"},{"taxonomy":"product_tag","embeddable":true,"href":"https:\/\/wholesale.cablesafe.com\/es\/wp-json\/wp\/v2\/product_tag?post=124"}],"curies":[{"name":"wp","href":"https:\/\/api.w.org\/{rel}","templated":true}]}}