{"id":129,"date":"2024-10-01T06:27:00","date_gmt":"2024-10-01T06:27:00","guid":{"rendered":"https:\/\/wholesale.cablesafe.com\/?post_type=product&#038;p=129"},"modified":"2026-02-10T11:10:42","modified_gmt":"2026-02-10T11:10:42","slug":"alfombra-de-trabajo-para-prevenir-la-caida-de-objetos","status":"publish","type":"product","link":"https:\/\/wholesale.cablesafe.com\/es\/product\/dropped-objects-prevention-work-mat\/","title":{"rendered":"Alfombra de trabajo para prevenir la ca\u00edda de objetos"},"content":{"rendered":"<p><img fetchpriority=\"high\" decoding=\"async\" class=\"alignnone size-full wp-image-9586\" src=\"https:\/\/cablesafe.com\/wp-content\/uploads\/2021\/01\/Work-mat-silver-gif.gif\" alt=\"\" width=\"600\" height=\"338\" \/><\/p>\n<p>&nbsp;<\/p>\n<p>La estera de trabajo CableSafe para la prevenci\u00f3n de ca\u00eddas de objetos es una soluci\u00f3n rentable de seguridad contra ca\u00eddas. La Estera de Trabajo para la Prevenci\u00f3n de Ca\u00eddas de Objetos permite al personal trabajar en rejillas mientras protege sus herramientas y equipos de ca\u00eddas a trav\u00e9s de las aberturas o agujeros de la rejilla. La Estera de Trabajo para la Prevenci\u00f3n de Ca\u00eddas de Objetos es f\u00e1cil de transportar y es lo suficientemente flexible como para que el personal pueda plegarla despu\u00e9s de su uso. La estera de trabajo es muy eficaz para proteger al personal y a los contratistas de los riesgos de ca\u00edda de objetos, especialmente durante el mantenimiento, las paradas, las inspecciones y las operaciones diarias. Las esteras de ca\u00edda Cablesafe\u00ae est\u00e1n fabricadas con tejido alem\u00e1n de alta calidad que incorpora un dobladillo amarillo de seguridad reforzado alrededor de la estera para asegurar los laterales de la misma.<\/p>\n<p>Las esteras de trabajo pueden conectarse a la rejilla de las dos maneras siguientes:<\/p>\n<p>La alfombrilla de trabajo puede fijarse con ganchos el\u00e1sticos (llaves);<\/p>\n<p>La alfombrilla de trabajo se puede asegurar con 14 potentes imanes, que se fijan a la rejilla. Los imanes en el dobladillo est\u00e1n clasificados para 84N cada uno por lo que es uno de los m\u00e1s fuertes en el mercado para asegurar que las esteras de trabajo est\u00e1n asegurados correctamente.<\/p>\n<p>N\u00famero de art\u00edculo:<br \/>\nDOPM-FLAME RET<br \/>\nDOPM-FLAME RETMAG<br \/>\nDOPM-FR<br \/>\nDOPM-FR-MAG<\/p>","protected":false},"excerpt":{"rendered":"<p><strong>La estera de trabajo CableSafe\u00ae para la prevenci\u00f3n de ca\u00eddas de objetos, o simplemente \"estera de ca\u00edda\", es una herramienta que se utiliza en rejillas, pasarelas y plataformas elevadas.<\/strong><br \/>\nCuando se trabaja en altura, la ca\u00edda de herramientas u otros equipos supone un importante riesgo para la seguridad. Normalmente, las herramientas sueltas se atan. Sin embargo, abundan los objetos que no pueden atarse, por ejemplo: tuercas, pernos, tornillos, si se dejan caer desde altura pueden da\u00f1ar un equipo o causar una muerte.<\/p>\n<p>La estera de trabajo CableSafe para la prevenci\u00f3n de ca\u00eddas de objetos es una herramienta de seguridad rentable, reutilizable y de alta calidad que reduce significativamente el riesgo de ca\u00edda de objetos y es r\u00e1pida y f\u00e1cil de instalar.<\/p>\n<p>* Se vende en lotes de 5 unidades<br \/>\n** Tama\u00f1os personalizados disponibles a partir de 20 unidades<br \/>\n*** Logotipo de la empresa a partir de 50 unidades y 5 USD por unidad neta<\/p>","protected":false},"featured_media":259,"template":"","meta":[],"product_brand":[],"product_cat":[26,194],"product_tag":[],"class_list":{"0":"post-129","1":"product","2":"type-product","3":"status-publish","4":"has-post-thumbnail","6":"product_cat-dropped-objects-prevention","7":"product_cat-dropped-objects-prevention-work-mat","9":"first","10":"instock","11":"taxable","12":"shipping-taxable","13":"product-type-variable"},"_links":{"self":[{"href":"https:\/\/wholesale.cablesafe.com\/es\/wp-json\/wp\/v2\/product\/129","targetHints":{"allow":["GET"]}}],"collection":[{"href":"https:\/\/wholesale.cablesafe.com\/es\/wp-json\/wp\/v2\/product"}],"about":[{"href":"https:\/\/wholesale.cablesafe.com\/es\/wp-json\/wp\/v2\/types\/product"}],"wp:featuredmedia":[{"embeddable":true,"href":"https:\/\/wholesale.cablesafe.com\/es\/wp-json\/wp\/v2\/media\/259"}],"wp:attachment":[{"href":"https:\/\/wholesale.cablesafe.com\/es\/wp-json\/wp\/v2\/media?parent=129"}],"wp:term":[{"taxonomy":"product_brand","embeddable":true,"href":"https:\/\/wholesale.cablesafe.com\/es\/wp-json\/wp\/v2\/product_brand?post=129"},{"taxonomy":"product_cat","embeddable":true,"href":"https:\/\/wholesale.cablesafe.com\/es\/wp-json\/wp\/v2\/product_cat?post=129"},{"taxonomy":"product_tag","embeddable":true,"href":"https:\/\/wholesale.cablesafe.com\/es\/wp-json\/wp\/v2\/product_tag?post=129"}],"curies":[{"name":"wp","href":"https:\/\/api.w.org\/{rel}","templated":true}]}}