{"id":132,"date":"2024-10-01T06:27:00","date_gmt":"2024-10-01T06:27:00","guid":{"rendered":"https:\/\/wholesale.cablesafe.com\/?post_type=product&#038;p=132"},"modified":"2026-02-10T11:11:18","modified_gmt":"2026-02-10T11:11:18","slug":"alfombra-de-prevencion-de-caidas-de-objetos","status":"publish","type":"product","link":"https:\/\/wholesale.cablesafe.com\/es\/product\/dropped-objects-prevention-walkway-mat\/","title":{"rendered":"Alfombrilla de prevenci\u00f3n de ca\u00eddas"},"content":{"rendered":"<p><img fetchpriority=\"high\" decoding=\"async\" class=\"alignnone size-full wp-image-9397\" src=\"https:\/\/cablesafe.com\/wp-content\/uploads\/2021\/03\/WhatsApp-Video-2022-01-21-at-13.02.40-1.gif\" alt=\"\" width=\"640\" height=\"352\" \/><\/p>\n<p><strong style=\"color: #555555; font-size: 14.4px;\">Para evitar que caigan objetos por los huecos de las rejillas elevadas y evitar resbalones, tropiezos y ca\u00eddas.<\/strong><\/p>\n<p>Cuando se trabaja en altura, la ca\u00edda de objetos supone un importante riesgo para la seguridad. La seguridad es especialmente importante cuando se trabaja en zonas de trabajo elevadas en las que hay personal o contratistas trabajando debajo. Desgraciadamente, la ca\u00edda de objetos es una causa com\u00fan de accidentes graves en instalaciones industriales. Para asegurarse de que trabajar\u00e1 en un entorno seguro, existe la prevenci\u00f3n de ca\u00eddas de objetos de una forma que nunca antes hab\u00eda visto. Dejamos en el pasado la ca\u00edda de objetos con una alfombra para pasarelas.<\/p>\n<p>CableSafe ofrece esteras antideslizantes y resistentes a aceites, grasas, \u00e1cidos y \u00e1lcalis. Puede estar seguro de que sus trabajadores estar\u00e1n a salvo de resbalones, tropiezos y ca\u00eddas, as\u00ed como de la ca\u00edda de objetos, si instala alfombras antideslizantes. Esteras antideslizantes y resistentes perfectas para lugares de trabajo comerciales e industriales. Dropped Objects Prevention Walkway es una resistente alfombra antideslizante dise\u00f1ada para evitar que los objetos caigan a trav\u00e9s de las rejillas. El dibujo de diamante de la alfombrilla proporciona una tracci\u00f3n superior bajo los pies, lo que no s\u00f3lo ayuda a reducir el riesgo de que las personas resbalen, sino que tambi\u00e9n contribuye a evitar la ca\u00edda de equipos. Si trabaja en altura, no cabe duda de que necesita seguridad en los pasillos frente a la ca\u00edda de objetos.<\/p>\n<p>La pasarela de prevenci\u00f3n de ca\u00eddas de objetos es impermeable a los l\u00edquidos y soporta bajas temperaturas sin agrietarse ni curvarse. La rejilla abierta tambi\u00e9n garantiza un excelente drenaje, por lo que es ideal para lugares de trabajo en los que es probable que se produzcan derrames, como entornos industriales, lugares de trabajo comerciales y \u00e1reas de servicio de comidas comerciales.<\/p>\n<p>N\u00famero de art\u00edculo:<br \/>\nDOPW-BL-60CM-5M<br \/>\nDOPW-BL-60CM-10M<br \/>\nDOPW-BL\/Y-60CM-10M<br \/>\nDOPW-BL-91CM-5M<br \/>\nDOPW-BL-91CM-10M<br \/>\nDOPW-BL\/Y-91CM-10<\/p>","protected":false},"excerpt":{"rendered":"<p>La estera de prevenci\u00f3n de ca\u00eddas de objetos CableSafe es una herramienta de seguridad contra ca\u00eddas rentable. La alfombra de prevenci\u00f3n de ca\u00eddas de objetos permite al personal trabajar en las rejillas al tiempo que protege sus herramientas y equipos de ca\u00eddas a trav\u00e9s de las rejillas. Nuestra alfombrilla para pasarelas est\u00e1 dise\u00f1ada para su uso en condiciones h\u00famedas y resbaladizas. Tambi\u00e9n es ideal para prevenir ca\u00eddas de objetos y proteger el suelo o las pasarelas de posibles da\u00f1os.<\/p>\n<p>* Anchura 122 cm (4 pies) bajo pedido<br \/>\n** Rojo o azul a petici\u00f3n<\/p>","protected":false},"featured_media":337,"template":"","meta":[],"product_brand":[],"product_cat":[26,195],"product_tag":[],"class_list":{"0":"post-132","1":"product","2":"type-product","3":"status-publish","4":"has-post-thumbnail","6":"product_cat-dropped-objects-prevention","7":"product_cat-dropped-objects-prevention-walkway-mat","9":"first","10":"instock","11":"taxable","12":"shipping-taxable","13":"product-type-variable"},"_links":{"self":[{"href":"https:\/\/wholesale.cablesafe.com\/es\/wp-json\/wp\/v2\/product\/132","targetHints":{"allow":["GET"]}}],"collection":[{"href":"https:\/\/wholesale.cablesafe.com\/es\/wp-json\/wp\/v2\/product"}],"about":[{"href":"https:\/\/wholesale.cablesafe.com\/es\/wp-json\/wp\/v2\/types\/product"}],"wp:featuredmedia":[{"embeddable":true,"href":"https:\/\/wholesale.cablesafe.com\/es\/wp-json\/wp\/v2\/media\/337"}],"wp:attachment":[{"href":"https:\/\/wholesale.cablesafe.com\/es\/wp-json\/wp\/v2\/media?parent=132"}],"wp:term":[{"taxonomy":"product_brand","embeddable":true,"href":"https:\/\/wholesale.cablesafe.com\/es\/wp-json\/wp\/v2\/product_brand?post=132"},{"taxonomy":"product_cat","embeddable":true,"href":"https:\/\/wholesale.cablesafe.com\/es\/wp-json\/wp\/v2\/product_cat?post=132"},{"taxonomy":"product_tag","embeddable":true,"href":"https:\/\/wholesale.cablesafe.com\/es\/wp-json\/wp\/v2\/product_tag?post=132"}],"curies":[{"name":"wp","href":"https:\/\/api.w.org\/{rel}","templated":true}]}}