{"id":14925,"date":"2025-08-08T21:12:04","date_gmt":"2025-08-08T21:12:04","guid":{"rendered":"https:\/\/wholesale.cablesafe.com\/?post_type=product&#038;p=14925"},"modified":"2026-02-10T11:14:13","modified_gmt":"2026-02-10T11:14:13","slug":"puertas-de-seguridad-de-cierre-automatico-de-doble-barra","status":"publish","type":"product","link":"https:\/\/wholesale.cablesafe.com\/es\/product\/self-closing-safety-gates-double-bar\/","title":{"rendered":"Puertas de seguridad de cierre autom\u00e1tico de doble barra"},"content":{"rendered":"<p>La puerta industrial de seguridad de cierre autom\u00e1tico utiliza la gravedad para cerrarse, por lo que no depende de muelles, amortiguadores, levas ni automatismos. Las puertas de seguridad son f\u00e1ciles de instalar y pueden instalarse con bisagras a izquierda o derecha. Las puertas protectoras industriales son resistentes a la corrosi\u00f3n y no requieren mantenimiento. Estas puertas de seguridad cumplen plenamente los requisitos OSHA e ISO. Las puertas de seguridad de gravedad con cierre autom\u00e1tico se utilizan en aerogeneradores para mejorar la seguridad en escaleras y aberturas. Ejemplos de \u00e1reas en las que se requieren puertas de seguridad industriales de alta resistencia seg\u00fan las normas:<\/p>\n<p>Compuertas de seguridad industrial en un tejado o una plataforma de trabajo elevada (&gt; 500 mm), donde una escalera requiere un hueco en la barandilla que protege un borde, se necesitan las compuertas. Las puertas de seguridad industrial se fijan a la barandilla o a la estructura de la escalera para que el hueco en la barandilla se cierre por gravedad o mediante una puerta de seguridad de cierre autom\u00e1tico accionada por muelle. Las puertas de pl\u00e1stico se est\u00e1n convirtiendo en la norma en la industria. No se degradan por la corrosi\u00f3n y no requieren mantenimiento. Las puertas de seguridad industriales son una soluci\u00f3n fiable para proteger a las personas contra ca\u00eddas accidentales a trav\u00e9s de los huecos de las barandillas.<\/p>\n<p>Puertas de seguridad industrial en zonas de paso seguras: para que la situaci\u00f3n sea lo m\u00e1s segura posible, el peat\u00f3n debe saber cu\u00e1ndo entra y sale de una zona de paso segura. Las puertas de seguridad industrial ayudan a proporcionar un nivel adicional de conciencia al salir y entrar en una zona de paso segura.<\/p>\n<p>N\u00famero de art\u00edculo:<br \/>\nUDG-22<br \/>\nUDG-27<br \/>\nUDG-32<br \/>\nUDG-37<br \/>\nUDG-MAGNET<br \/>\nUDG-TUBE**<br \/>\nUDG-STK**<br \/>\nUDG-RBK**<\/p>","protected":false},"excerpt":{"rendered":"<p>* Las puertas de seguridad se suministran con piezas de montaje galvanizadas para una instalaci\u00f3n regular.<br \/>\n** Para otras dimensiones de tubo, p\u00f3ngase en contacto con nosotros<\/p>","protected":false},"featured_media":14963,"template":"","meta":[],"product_brand":[],"product_cat":[26,199],"product_tag":[],"class_list":{"0":"post-14925","1":"product","2":"type-product","3":"status-publish","4":"has-post-thumbnail","6":"product_cat-dropped-objects-prevention","7":"product_cat-self-closing-safety-gates-double-bar","9":"first","10":"instock","11":"taxable","12":"shipping-taxable","13":"product-type-variable"},"_links":{"self":[{"href":"https:\/\/wholesale.cablesafe.com\/es\/wp-json\/wp\/v2\/product\/14925","targetHints":{"allow":["GET"]}}],"collection":[{"href":"https:\/\/wholesale.cablesafe.com\/es\/wp-json\/wp\/v2\/product"}],"about":[{"href":"https:\/\/wholesale.cablesafe.com\/es\/wp-json\/wp\/v2\/types\/product"}],"wp:featuredmedia":[{"embeddable":true,"href":"https:\/\/wholesale.cablesafe.com\/es\/wp-json\/wp\/v2\/media\/14963"}],"wp:attachment":[{"href":"https:\/\/wholesale.cablesafe.com\/es\/wp-json\/wp\/v2\/media?parent=14925"}],"wp:term":[{"taxonomy":"product_brand","embeddable":true,"href":"https:\/\/wholesale.cablesafe.com\/es\/wp-json\/wp\/v2\/product_brand?post=14925"},{"taxonomy":"product_cat","embeddable":true,"href":"https:\/\/wholesale.cablesafe.com\/es\/wp-json\/wp\/v2\/product_cat?post=14925"},{"taxonomy":"product_tag","embeddable":true,"href":"https:\/\/wholesale.cablesafe.com\/es\/wp-json\/wp\/v2\/product_tag?post=14925"}],"curies":[{"name":"wp","href":"https:\/\/api.w.org\/{rel}","templated":true}]}}