{"id":304,"date":"2024-10-01T06:27:43","date_gmt":"2024-10-01T06:27:43","guid":{"rendered":"https:\/\/wholesale.cablesafe.com\/?post_type=product&#038;p=304"},"modified":"2026-02-10T11:13:20","modified_gmt":"2026-02-10T11:13:20","slug":"-4","status":"publish","type":"product","link":"https:\/\/wholesale.cablesafe.com\/es\/product\/dropped-objects-prevention-safety-lanyard\/","title":{"rendered":"Cord\u00f3n de seguridad para prevenir la ca\u00edda de objetos"},"content":{"rendered":"<p>Las eslingas para la prevenci\u00f3n de ca\u00eddas de objetos de Cablesafe proporcionan una retenci\u00f3n secundaria esencial, asegurando los accesorios a\u00e9reos para evitar que objetos peligrosos caigan al suelo de trabajo en caso de fallo de la sujeci\u00f3n primaria o del soporte. Fabricadas en acero inoxidable AISI316, estas eslingas est\u00e1n dise\u00f1adas para soportar las exigentes condiciones de los entornos terrestres y marinos. Dise\u00f1adas pensando en la seguridad, tienen una garant\u00eda de 3 a\u00f1os y garantizan una protecci\u00f3n fiable para sus operaciones.<\/p>","protected":false},"excerpt":{"rendered":"<p><strong>Retenci\u00f3n secundaria fiable para accesorios a\u00e9reos.<\/strong><br \/>\nLas eslingas de acero inoxidable CableSafe proporcionan una sujeci\u00f3n secundaria superior para los dispositivos instalados en altura. Dise\u00f1adas espec\u00edficamente para entornos marinos hostiles, estas eslingas ofrecen un rendimiento excepcional y una larga durabilidad.<\/p>\n<p>&nbsp;<\/p>\n<p><strong>N\u00famero de art\u00edculo:<\/strong><br \/>\nDOPSN-LANYARD 1,25M<br \/>\nDOPSN-LANYARD 2,5M<\/p>\n<p class=\"p1\"><i>* Se vende en lotes de 10 unidades<\/i><\/p>","protected":false},"featured_media":455,"template":"","meta":[],"product_brand":[],"product_cat":[26,198],"product_tag":[],"class_list":{"0":"post-304","1":"product","2":"type-product","3":"status-publish","4":"has-post-thumbnail","6":"product_cat-dropped-objects-prevention","7":"product_cat-dropped-objects-prevention-safety-lanyard","9":"first","10":"instock","11":"taxable","12":"shipping-taxable","13":"product-type-variable"},"_links":{"self":[{"href":"https:\/\/wholesale.cablesafe.com\/es\/wp-json\/wp\/v2\/product\/304","targetHints":{"allow":["GET"]}}],"collection":[{"href":"https:\/\/wholesale.cablesafe.com\/es\/wp-json\/wp\/v2\/product"}],"about":[{"href":"https:\/\/wholesale.cablesafe.com\/es\/wp-json\/wp\/v2\/types\/product"}],"wp:featuredmedia":[{"embeddable":true,"href":"https:\/\/wholesale.cablesafe.com\/es\/wp-json\/wp\/v2\/media\/455"}],"wp:attachment":[{"href":"https:\/\/wholesale.cablesafe.com\/es\/wp-json\/wp\/v2\/media?parent=304"}],"wp:term":[{"taxonomy":"product_brand","embeddable":true,"href":"https:\/\/wholesale.cablesafe.com\/es\/wp-json\/wp\/v2\/product_brand?post=304"},{"taxonomy":"product_cat","embeddable":true,"href":"https:\/\/wholesale.cablesafe.com\/es\/wp-json\/wp\/v2\/product_cat?post=304"},{"taxonomy":"product_tag","embeddable":true,"href":"https:\/\/wholesale.cablesafe.com\/es\/wp-json\/wp\/v2\/product_tag?post=304"}],"curies":[{"name":"wp","href":"https:\/\/api.w.org\/{rel}","templated":true}]}}