{"id":115,"date":"2024-10-01T06:26:59","date_gmt":"2024-10-01T06:26:59","guid":{"rendered":"https:\/\/wholesale.cablesafe.com\/?post_type=product&#038;p=115"},"modified":"2026-02-10T13:22:07","modified_gmt":"2026-02-10T13:22:07","slug":"barrieres-despace-confine-resistantes-et-rapidement-adaptables","status":"publish","type":"product","link":"https:\/\/wholesale.cablesafe.com\/fr\/product\/heavy-duty-quick-adaptable-confined-space-barriers\/","title":{"rendered":"Barri\u00e8res d'espace confin\u00e9 r\u00e9sistantes et rapidement adaptables"},"content":{"rendered":"<p><img fetchpriority=\"high\" decoding=\"async\" class=\"alignnone size-full wp-image-9579\" src=\"https:\/\/cablesafe.com\/wp-content\/uploads\/2022\/02\/Heavy-Duty-Confined-Space-Barrier-gif.gif\" alt=\"\" width=\"600\" height=\"338\" \/><br \/>\n<strong>Barri\u00e8re r\u00e9sistante pour restreindre l'acc\u00e8s au trou d'homme<br \/>\n<\/strong>Les dangers li\u00e9s \u00e0 l'entr\u00e9e dans un espace confin\u00e9 constituent des risques graves pour les employ\u00e9s. Les accidents li\u00e9s \u00e0 l'entr\u00e9e non autoris\u00e9e dans un espace confin\u00e9 sont souvent mortels. La barri\u00e8re d'espace confin\u00e9 \u00e0 adaptation rapide pour charges lourdes \/ barri\u00e8re de protection d'entr\u00e9e \/ barri\u00e8re de protection de trou d'homme est l'outil id\u00e9al pour les employ\u00e9s et les entrepreneurs afin de s\u00e9curiser ces ouvertures dangereuses. La barri\u00e8re d'espace confin\u00e9 \u00e0 adaptation rapide pour charges lourdes avertit le personnel des dangers et emp\u00eache l'entr\u00e9e non autoris\u00e9e (ou accidentelle).<\/p>\n<p>&nbsp;<\/p>\n<p>ID de l'article :<br \/>\nMH-PROT BARR 990<br \/>\nMH-PROT BARR 990LOTO<\/p>","protected":false},"excerpt":{"rendered":"<p><strong>Barri\u00e8re r\u00e9sistante pour restreindre l'acc\u00e8s au trou d'homme<br \/>\n<\/strong>Les dangers li\u00e9s \u00e0 l'entr\u00e9e dans un espace confin\u00e9 constituent des risques graves pour les employ\u00e9s. Les accidents li\u00e9s \u00e0 l'entr\u00e9e non autoris\u00e9e dans un espace confin\u00e9 sont souvent mortels. La barri\u00e8re d'espace confin\u00e9 \u00e0 adaptation rapide pour charges lourdes \/ barri\u00e8re de protection d'entr\u00e9e \/ barri\u00e8re de protection de trou d'homme est l'outil id\u00e9al pour les employ\u00e9s et les entrepreneurs afin de s\u00e9curiser ces ouvertures dangereuses. La barri\u00e8re d'espace confin\u00e9 \u00e0 adaptation rapide pour charges lourdes avertit le personnel des dangers et emp\u00eache l'entr\u00e9e non autoris\u00e9e (ou accidentelle).<\/p>\n<p>* Quantit\u00e9 minimale de commande de 5 pi\u00e8ces<\/p>","protected":false},"featured_media":242,"template":"","meta":[],"product_brand":[],"product_cat":[25,208],"product_tag":[],"class_list":{"0":"post-115","1":"product","2":"type-product","3":"status-publish","4":"has-post-thumbnail","6":"product_cat-confined-space-safety","7":"product_cat-heavy-duty-quick-adaptable-confined-space-barriers","9":"first","10":"instock","11":"taxable","12":"shipping-taxable","13":"product-type-variable"},"_links":{"self":[{"href":"https:\/\/wholesale.cablesafe.com\/fr\/wp-json\/wp\/v2\/product\/115","targetHints":{"allow":["GET"]}}],"collection":[{"href":"https:\/\/wholesale.cablesafe.com\/fr\/wp-json\/wp\/v2\/product"}],"about":[{"href":"https:\/\/wholesale.cablesafe.com\/fr\/wp-json\/wp\/v2\/types\/product"}],"wp:featuredmedia":[{"embeddable":true,"href":"https:\/\/wholesale.cablesafe.com\/fr\/wp-json\/wp\/v2\/media\/242"}],"wp:attachment":[{"href":"https:\/\/wholesale.cablesafe.com\/fr\/wp-json\/wp\/v2\/media?parent=115"}],"wp:term":[{"taxonomy":"product_brand","embeddable":true,"href":"https:\/\/wholesale.cablesafe.com\/fr\/wp-json\/wp\/v2\/product_brand?post=115"},{"taxonomy":"product_cat","embeddable":true,"href":"https:\/\/wholesale.cablesafe.com\/fr\/wp-json\/wp\/v2\/product_cat?post=115"},{"taxonomy":"product_tag","embeddable":true,"href":"https:\/\/wholesale.cablesafe.com\/fr\/wp-json\/wp\/v2\/product_tag?post=115"}],"curies":[{"name":"wp","href":"https:\/\/api.w.org\/{rel}","templated":true}]}}