{"id":120,"date":"2024-10-01T06:27:00","date_gmt":"2024-10-01T06:27:00","guid":{"rendered":"https:\/\/wholesale.cablesafe.com\/?post_type=product&#038;p=120"},"modified":"2025-08-08T21:44:32","modified_gmt":"2025-08-08T21:44:32","slug":"filet-de-couverture-pour-espace-confine","status":"publish","type":"product","link":"https:\/\/wholesale.cablesafe.com\/fr\/product\/confined-space-cover-net\/","title":{"rendered":"Filet de couverture pour espace confin\u00e9"},"content":{"rendered":"<p><img fetchpriority=\"high\" decoding=\"async\" class=\"alignnone wp-image-10411\" src=\"https:\/\/cablesafe.com\/wp-content\/uploads\/2022\/08\/Cover-Net-\u2010-Gemaakt-met-Clipchamp-1.gif\" alt=\"\" width=\"478\" height=\"478\" \/><\/p>\n<p>Les filets de protection pour espaces confin\u00e9s et les filets de protection pour trous d'homme sont con\u00e7us pour emp\u00eacher l'entr\u00e9e dans les espaces confin\u00e9s, ce qui repr\u00e9sente un risque grave pour les employ\u00e9s. Les accidents li\u00e9s \u00e0 l'entr\u00e9e non autoris\u00e9e dans un espace confin\u00e9 sont souvent mortels. Les barri\u00e8res de protection des espaces confin\u00e9s et des trous d'homme r\u00e9duisent les risques que les employ\u00e9s et les entrepreneurs p\u00e9n\u00e8trent accidentellement par ces ouvertures dangereuses.<\/p>\n<p>La barri\u00e8re avertit les coll\u00e8gues des dangers qu'elle repr\u00e9sente et emp\u00eache toute entr\u00e9e non autoris\u00e9e (ou accidentelle). Elle est faite d'un mat\u00e9riau en maille avec un \u00e9lastique sur les c\u00f4t\u00e9s pour qu'elle puisse \u00eatre facilement plac\u00e9e autour du trou d'homme et qu'elle reste en place. Ce produit est \u00e9galement id\u00e9al si vous avez besoin d'une solution rapide ou si vous n'\u00eates pas s\u00fbr que les autres barri\u00e8res et panneaux d'avertissement conviennent. Lorsque la s\u00e9curit\u00e9 est en jeu, il n'y a jamais assez d'options.<\/p>\n<p>Les filets de couverture pour espaces confin\u00e9s sont con\u00e7us pour emp\u00eacher l'entr\u00e9e accidentelle dans un espace confin\u00e9. Le tissu allemand de haute qualit\u00e9 est r\u00e9sistant aux produits chimiques et \u00e0 la corrosion et convient donc \u00e0 la plupart des activit\u00e9s lourdes.<br \/>\nl'utilisation industrielle.<\/p>\n<p>Le filet de couverture est con\u00e7u pour r\u00e9sister \u00e0 des vents violents et permet de fermer le r\u00e9servoir tout en ayant la possibilit\u00e9 d'a\u00e9rer le r\u00e9servoir gr\u00e2ce aux larges ouvertures de la grille en tissu.<\/p>\n<p>ITEM ID :<\/p>\n<p>MH-CSCN-S<br \/>\nMH-CSCN-M<br \/>\nMH-CSCN-L<br \/>\nMH-CSCN-XL<\/p>","protected":false},"excerpt":{"rendered":"<p><strong style=\"font-size: 14.4px;\">Filet de couverture pour restreindre l'acc\u00e8s au trou d'homme<br \/>\n<\/strong><span style=\"font-size: 14.4px;\">Pr\u00e9venir les accidents li\u00e9s \u00e0 l'entr\u00e9e dans un espace confin\u00e9. Les filets de protection pour espaces confin\u00e9s et les filets de protection pour trous d'homme sont con\u00e7us pour emp\u00eacher l'entr\u00e9e dans des espaces confin\u00e9s, ce qui constitue un risque grave pour les employ\u00e9s.\u00a0<\/span><\/p>\n<p>* Quantit\u00e9 minimale de commande de 5 pi\u00e8ces<\/p>","protected":false},"featured_media":208,"template":"","meta":[],"product_brand":[],"product_cat":[210,25],"product_tag":[],"class_list":{"0":"post-120","1":"product","2":"type-product","3":"status-publish","4":"has-post-thumbnail","6":"product_cat-confined-space-cover-nets","7":"product_cat-confined-space-safety","9":"first","10":"instock","11":"taxable","12":"shipping-taxable","13":"product-type-variable"},"_links":{"self":[{"href":"https:\/\/wholesale.cablesafe.com\/fr\/wp-json\/wp\/v2\/product\/120","targetHints":{"allow":["GET"]}}],"collection":[{"href":"https:\/\/wholesale.cablesafe.com\/fr\/wp-json\/wp\/v2\/product"}],"about":[{"href":"https:\/\/wholesale.cablesafe.com\/fr\/wp-json\/wp\/v2\/types\/product"}],"wp:featuredmedia":[{"embeddable":true,"href":"https:\/\/wholesale.cablesafe.com\/fr\/wp-json\/wp\/v2\/media\/208"}],"wp:attachment":[{"href":"https:\/\/wholesale.cablesafe.com\/fr\/wp-json\/wp\/v2\/media?parent=120"}],"wp:term":[{"taxonomy":"product_brand","embeddable":true,"href":"https:\/\/wholesale.cablesafe.com\/fr\/wp-json\/wp\/v2\/product_brand?post=120"},{"taxonomy":"product_cat","embeddable":true,"href":"https:\/\/wholesale.cablesafe.com\/fr\/wp-json\/wp\/v2\/product_cat?post=120"},{"taxonomy":"product_tag","embeddable":true,"href":"https:\/\/wholesale.cablesafe.com\/fr\/wp-json\/wp\/v2\/product_tag?post=120"}],"curies":[{"name":"wp","href":"https:\/\/api.w.org\/{rel}","templated":true}]}}