{"id":127,"date":"2024-10-01T06:27:00","date_gmt":"2024-10-01T06:27:00","guid":{"rendered":"https:\/\/wholesale.cablesafe.com\/?post_type=product&#038;p=127"},"modified":"2026-02-10T13:18:29","modified_gmt":"2026-02-10T13:18:29","slug":"prevention-des-chutes-dobjets-filet-de-protection-ignifuge","status":"publish","type":"product","link":"https:\/\/wholesale.cablesafe.com\/fr\/product\/dropped-objects-prevention-guard-net-flame-retardant\/","title":{"rendered":"Filet de protection contre les chutes d'objets Retardateur de flammes"},"content":{"rendered":"<p>Les coupures et les abrasions sur les chantiers ne sont que quelques-unes des blessures mineures que les travailleurs peuvent subir sur un chantier \u00e0 la suite d'une chute ou de la projection d'un objet.<\/p>\n<p>Le travail en hauteur, sous des \u00e9chafaudages ou dans des zones o\u00f9 des travaux sont effectu\u00e9s au-dessus de la t\u00eate, expose les travailleurs et le public \u00e0 des risques de chute d'objets.<\/p>\n<p>Selon le Dropped Object Prevention Scheme (DROPS), un objet pesant moins de trois livres peut \u00eatre mortel s'il tombe d'une hauteur de 30 pieds. Si votre site de travail est g\u00e9n\u00e9ralement sur\u00e9lev\u00e9, vous serez certainement confront\u00e9 quotidiennement \u00e0 ces risques de chute d'objets.<\/p>\n<p>Le filet de protection contre les chutes d'objets de CableSafe est un dispositif de protection qui a fait ses preuves en mati\u00e8re d'utilisation et de fiabilit\u00e9 dans les conditions offshore. Notre \"filet de protection contre les chutes d'objets\" est id\u00e9al pour la construction, les industries offshore et l'industrie en g\u00e9n\u00e9ral.<\/p>\n<p>Le filet de protection contre les chutes d'objets de CableSafe est un outil de s\u00e9curit\u00e9 \u00e9conomique, fabriqu\u00e9 en Allemagne, qui prot\u00e8ge efficacement le personnel contre les chutes d'objets sur le chantier. Le filet\/barri\u00e8re de protection est fabriqu\u00e9 en tissu polyester enduit ignifuge avec un ourlet renforc\u00e9 tout autour et a une dur\u00e9e de vie de 5 ans.<\/p>\n<p>Gr\u00e2ce \u00e0 notre engagement en faveur de l'excellence, nous avons fourni des produits standard de qualit\u00e9 sup\u00e9rieure \u00e0 des clients du monde entier dans de nombreuses industries et nous garantissons que le filet de protection contre les chutes d'objets apportera de la s\u00e9curit\u00e9 \u00e0 vos op\u00e9rations de \"travail en hauteur\" sans n\u00e9cessiter une participation active de votre travailleur ou de toute autre personne sur le site de travail.<\/p>\n<p>ID de l'article :<br \/>\nDOPGN-FR-10M<br \/>\nDOPGN-FR-20M<br \/>\nDOPGN-FR-30M<br \/>\nDOPGN-FR-HOR-GALV-10M<br \/>\nDOPGN-FR-HOR-GALV-20M<br \/>\nDOPGN-FR-HOR-GALV-30M<br \/>\nDOPGN-FR-HOR-SS-10M<br \/>\nDOPGN-FR-HOR-SS-20M<br \/>\nDOPGN-FR-HOR-SS-30M<br \/>\nDOPGN-FR-HOR\/VERT-GALV-10M<br \/>\nDOPGN-FR-HOR\/VERT-GALV-20M<br \/>\nDOPGN-FR-HOR\/VERT-GALV-30M<br \/>\nDOPGN-FR-HOR\/VERT-SS-10M<br \/>\nDOPGN-FR-HOR\/VERT-SS-20M<br \/>\nDOPGN-FR-HOR\/VERT-SS-30M<br \/>\nDOPGN-SPANNER<\/p>","protected":false},"excerpt":{"rendered":"<p>Le filet de protection contre les chutes d'objets est con\u00e7u pour emp\u00eacher les chutes d'objets lors des travaux en hauteur. Un filet de taille standard, adapt\u00e9 \u00e0 la plupart des garde-corps, est fourni pour cr\u00e9er un environnement de travail s\u00fbr. Le tissu convient \u00e0 la plupart des industries lourdes et est fourni avec un rev\u00eatement ignifuge (souvent n\u00e9cessaire). Le filet de protection est con\u00e7u pour r\u00e9sister \u00e0 des vents violents.<\/p>\n<p class=\"p1\"><i>* Dimensions et options personnalis\u00e9es disponibles sur demande<\/i><\/p>\n<p class=\"p1\"><i>** Vendu par lot de 100 pi\u00e8ces<\/i><\/p>","protected":false},"featured_media":247,"template":"","meta":[],"product_brand":[],"product_cat":[26,203],"product_tag":[],"class_list":{"0":"post-127","1":"product","2":"type-product","3":"status-publish","4":"has-post-thumbnail","6":"product_cat-dropped-objects-prevention","7":"product_cat-dropped-objects-prevention-panel-guard-net","9":"first","10":"instock","11":"taxable","12":"shipping-taxable","13":"product-type-variable"},"_links":{"self":[{"href":"https:\/\/wholesale.cablesafe.com\/fr\/wp-json\/wp\/v2\/product\/127","targetHints":{"allow":["GET"]}}],"collection":[{"href":"https:\/\/wholesale.cablesafe.com\/fr\/wp-json\/wp\/v2\/product"}],"about":[{"href":"https:\/\/wholesale.cablesafe.com\/fr\/wp-json\/wp\/v2\/types\/product"}],"wp:featuredmedia":[{"embeddable":true,"href":"https:\/\/wholesale.cablesafe.com\/fr\/wp-json\/wp\/v2\/media\/247"}],"wp:attachment":[{"href":"https:\/\/wholesale.cablesafe.com\/fr\/wp-json\/wp\/v2\/media?parent=127"}],"wp:term":[{"taxonomy":"product_brand","embeddable":true,"href":"https:\/\/wholesale.cablesafe.com\/fr\/wp-json\/wp\/v2\/product_brand?post=127"},{"taxonomy":"product_cat","embeddable":true,"href":"https:\/\/wholesale.cablesafe.com\/fr\/wp-json\/wp\/v2\/product_cat?post=127"},{"taxonomy":"product_tag","embeddable":true,"href":"https:\/\/wholesale.cablesafe.com\/fr\/wp-json\/wp\/v2\/product_tag?post=127"}],"curies":[{"name":"wp","href":"https:\/\/api.w.org\/{rel}","templated":true}]}}