{"id":138,"date":"2024-10-01T06:27:00","date_gmt":"2024-10-01T06:27:00","guid":{"rendered":"https:\/\/wholesale.cablesafe.com\/?post_type=product&#038;p=138"},"modified":"2026-02-10T13:25:12","modified_gmt":"2026-02-10T13:25:12","slug":"aretes-vives-protection-des-angles","status":"publish","type":"product","link":"https:\/\/wholesale.cablesafe.com\/fr\/product\/sharp-edges-corner-protection\/","title":{"rendered":"Protection des angles vifs"},"content":{"rendered":"<p><img fetchpriority=\"high\" decoding=\"async\" class=\"alignnone size-full wp-image-9577\" src=\"https:\/\/cablesafe.com\/wp-content\/uploads\/2021\/03\/Corner-protection-gif.gif\" alt=\"\" width=\"600\" height=\"338\" \/><\/p>\n<p>CableSafe Sharp Edges Corner Protect et la bande de protection des ar\u00eates vives s'appliquent facilement. Les aimants de haute qualit\u00e9 des protections d'angle pour les chantiers de construction garantissent que les protections contre les ar\u00eates vives resteront toujours en place. Les protections des ar\u00eates m\u00e9talliques sont extr\u00eamement utiles pour assurer le bon d\u00e9roulement de la fabrication dans les ateliers. Les bandes de protection contre les ar\u00eates tranchantes ont non seulement am\u00e9lior\u00e9 la dur\u00e9e de vie des \u00e9quipements chez CableSafe, mais aussi r\u00e9duit le nombre d'accidents du travail. Les avantages d'un rev\u00eatement plastique pour les ar\u00eates m\u00e9talliques tranchantes sont donc infinis. Comment se prot\u00e9ger des ar\u00eates tranchantes ?<\/p>\n<p><strong>Couvrir les ar\u00eates m\u00e9talliques tranchantes avec une protection contre les ar\u00eates tranchantes<\/strong><\/p>\n<p>Les bordures m\u00e9talliques tranchantes posent un probl\u00e8me de s\u00e9curit\u00e9 majeur, en particulier lorsqu'elles sont situ\u00e9es \u00e0 un endroit o\u00f9 les doigts, les bras et d'autres membres peuvent les atteindre. Heureusement, il suffit de quelques protections souples pour ar\u00eates vives, de couvertures pour ar\u00eates vives et d'une m\u00e9thode pour maintenir la bordure en place afin de s\u00e9curiser les ar\u00eates m\u00e9talliques. Combien de protections en plastique pour bords m\u00e9talliques tranchants poss\u00e9dez-vous d\u00e9j\u00e0 ? Pour chaque projet, vous devrez tenir compte de ses caract\u00e9ristiques sp\u00e9cifiques. Prot\u00e9gez-vous des ar\u00eates tranchantes avec les protections d'ar\u00eates de chantier.<\/p>\n<p>CableSafe Sharp Edges Corner Protect et la bande de protection des ar\u00eates vives s'appliquent facilement. Les aimants de haute qualit\u00e9 des protections d'angle pour les chantiers de construction garantissent que les protections contre les ar\u00eates vives resteront toujours en place. Les protections des ar\u00eates m\u00e9talliques sont extr\u00eamement utiles pour assurer le bon d\u00e9roulement de la fabrication dans les ateliers. Les bandes de protection contre les ar\u00eates tranchantes ont non seulement am\u00e9lior\u00e9 la dur\u00e9e de vie des \u00e9quipements chez CableSafe, mais elles ont \u00e9galement permis de r\u00e9duire les accidents du travail. Les avantages d'un rev\u00eatement plastique pour les ar\u00eates m\u00e9talliques tranchantes sont donc infinis. Comment se prot\u00e9ger des ar\u00eates vives ? Il est possible de couvrir les ar\u00eates m\u00e9talliques tranchantes avec les bandes de protection des ar\u00eates de CableSafe.<\/p>\n<p>ID de l'article :<br \/>\nSECP-OM-65<br \/>\nSECP-W3MM-65<\/p>","protected":false},"excerpt":{"rendered":"<p><strong>R\u00e9duire les blessures gr\u00e2ce \u00e0 un rev\u00eatement en plastique pour les ar\u00eates m\u00e9talliques tranchantes<\/strong><\/p>\n<p>Dans toute industrie m\u00e9canique, la s\u00e9curit\u00e9 est la premi\u00e8re priorit\u00e9. La protection des ar\u00eates m\u00e9talliques tranchantes est essentielle dans un tel endroit, car le contact avec des ar\u00eates tranchantes est courant dans de nombreux travaux d'ing\u00e9nierie. Toute n\u00e9gligence sans protection des ar\u00eates m\u00e9talliques tranchantes peut se transformer en accident o\u00f9 la main d'\u0153uvre est la plus vuln\u00e9rable aux blessures mortelles. Pour \u00e9viter cela, vous devez utiliser un rev\u00eatement en plastique pour les ar\u00eates m\u00e9talliques tranchantes. C'est la raison pour laquelle la protection des ar\u00eates vives est l'une des choses les plus importantes dans toute industrie d'ing\u00e9nierie. Nos protections en plastique pour ar\u00eates m\u00e9talliques vives sont fabriqu\u00e9es dans la plus haute qualit\u00e9.<\/p>\n<p>* Vendu par lot de 25 pi\u00e8ces<\/p>","protected":false},"featured_media":14778,"template":"","meta":[],"product_brand":[],"product_cat":[25,213],"product_tag":[],"class_list":{"0":"post-138","1":"product","2":"type-product","3":"status-publish","4":"has-post-thumbnail","6":"product_cat-confined-space-safety","7":"product_cat-sharp-edges-corner-protection","9":"first","10":"instock","11":"taxable","12":"shipping-taxable","13":"product-type-simple"},"_links":{"self":[{"href":"https:\/\/wholesale.cablesafe.com\/fr\/wp-json\/wp\/v2\/product\/138","targetHints":{"allow":["GET"]}}],"collection":[{"href":"https:\/\/wholesale.cablesafe.com\/fr\/wp-json\/wp\/v2\/product"}],"about":[{"href":"https:\/\/wholesale.cablesafe.com\/fr\/wp-json\/wp\/v2\/types\/product"}],"wp:featuredmedia":[{"embeddable":true,"href":"https:\/\/wholesale.cablesafe.com\/fr\/wp-json\/wp\/v2\/media\/14778"}],"wp:attachment":[{"href":"https:\/\/wholesale.cablesafe.com\/fr\/wp-json\/wp\/v2\/media?parent=138"}],"wp:term":[{"taxonomy":"product_brand","embeddable":true,"href":"https:\/\/wholesale.cablesafe.com\/fr\/wp-json\/wp\/v2\/product_brand?post=138"},{"taxonomy":"product_cat","embeddable":true,"href":"https:\/\/wholesale.cablesafe.com\/fr\/wp-json\/wp\/v2\/product_cat?post=138"},{"taxonomy":"product_tag","embeddable":true,"href":"https:\/\/wholesale.cablesafe.com\/fr\/wp-json\/wp\/v2\/product_tag?post=138"}],"curies":[{"name":"wp","href":"https:\/\/api.w.org\/{rel}","templated":true}]}}