{"id":14764,"date":"2025-07-17T09:24:22","date_gmt":"2025-07-17T09:24:22","guid":{"rendered":"https:\/\/wholesale.cablesafe.com\/?post_type=product&#038;p=14764"},"modified":"2025-12-09T13:17:19","modified_gmt":"2025-12-09T13:17:19","slug":"-7","status":"publish","type":"product","link":"https:\/\/wholesale.cablesafe.com\/fr\/product\/dropped-objects-prevention-panel-guard-net-elastic-spanner\/","title":{"rendered":"Panneau de pr\u00e9vention des chutes d'objets Filet de protection Cl\u00e9 \u00e9lastique"},"content":{"rendered":"<p>Dropped Object Prevention Panel Guard Net is designed to prevent dropped objects while working at height. Standard size netting that suits most standard railings is supplied to create a safe work environment. This is the reason why you should use protection netting. The fabric is suitable for most heavy industries. Our Dropped Objects Prevention Panel Guard Net comes standard in the size 90 cm x 500 cm. This ensures that this guard fits on almost all railings and on or under almost every staircase.<\/p>\n<p>The safety nets for stairs offers both flexibility and safety, which results in increased efficiency when working at height. This is a very important advantage of the safety net for open stairs because it will not hinder you in your work. Our safety mesh for railings brings the best two things together: safety and efficiency.<\/p>\n<p>The injuries or consequences of dropped objects can be immense and even lethal. That is why with the right tools \u2013 like staircase safety nets &#8211; prevention methods and training, this kind of risk can be minimized. The Dropped Objects guard is made from high quality coated polyester mesh fabric. Whether you are working from high up and want to prevent dropped objects, or constantly switching floors with equipment and want to prevent falling in that respect, the dropped objects guard net has got it covered.<\/p>\n<p>&nbsp;<\/p>","protected":false},"excerpt":{"rendered":"<div class=\"wpb_text_column wpb_content_element\">\n<p><img fetchpriority=\"high\" decoding=\"async\" class=\"alignnone wp-image-10507\" src=\"https:\/\/cablesafe.com\/wp-content\/uploads\/2022\/08\/Untitled-video-\u2010-Gemaakt-met-Clipchamp-5.gif\" alt=\"\" width=\"342\" height=\"342\" \/><\/p>\n<p><strong>Improve work safety by preventing dropped objects with guard net<br \/>\n<\/strong><\/p>\n<p>When working at heights, dropped tools can pose a significant safety hazard when you don\u2019t use railing netting. Also known as protection nets. This is especially important in the oil and gas industry and ocean rigs, where elevated work areas are common. Dropped objects are a common contributor to accidents in both onshore and offshore facilities. CableSafe dropped objects prevention significantly reduces the risk of dropped objects. This is the best drop safe equipment on the market. Do you want to work in a safe environment? You should use our safety netting for railings!<\/p>\n<p class=\"p1\"><i>* Vendu par lot de 5 pi\u00e8ces<\/i><\/p>\n<p class=\"p1\"><i>** Vendu par lot de 100 pi\u00e8ces<\/i><\/p>\n<\/div>","protected":false},"featured_media":402,"template":"","meta":[],"product_brand":[],"product_cat":[26,203],"product_tag":[],"class_list":{"0":"post-14764","1":"product","2":"type-product","3":"status-publish","4":"has-post-thumbnail","6":"product_cat-dropped-objects-prevention","7":"product_cat-dropped-objects-prevention-panel-guard-net","9":"first","10":"instock","11":"taxable","12":"shipping-taxable","13":"product-type-simple"},"_links":{"self":[{"href":"https:\/\/wholesale.cablesafe.com\/fr\/wp-json\/wp\/v2\/product\/14764","targetHints":{"allow":["GET"]}}],"collection":[{"href":"https:\/\/wholesale.cablesafe.com\/fr\/wp-json\/wp\/v2\/product"}],"about":[{"href":"https:\/\/wholesale.cablesafe.com\/fr\/wp-json\/wp\/v2\/types\/product"}],"wp:featuredmedia":[{"embeddable":true,"href":"https:\/\/wholesale.cablesafe.com\/fr\/wp-json\/wp\/v2\/media\/402"}],"wp:attachment":[{"href":"https:\/\/wholesale.cablesafe.com\/fr\/wp-json\/wp\/v2\/media?parent=14764"}],"wp:term":[{"taxonomy":"product_brand","embeddable":true,"href":"https:\/\/wholesale.cablesafe.com\/fr\/wp-json\/wp\/v2\/product_brand?post=14764"},{"taxonomy":"product_cat","embeddable":true,"href":"https:\/\/wholesale.cablesafe.com\/fr\/wp-json\/wp\/v2\/product_cat?post=14764"},{"taxonomy":"product_tag","embeddable":true,"href":"https:\/\/wholesale.cablesafe.com\/fr\/wp-json\/wp\/v2\/product_tag?post=14764"}],"curies":[{"name":"wp","href":"https:\/\/api.w.org\/{rel}","templated":true}]}}