{"id":14925,"date":"2025-08-08T21:12:04","date_gmt":"2025-08-08T21:12:04","guid":{"rendered":"https:\/\/wholesale.cablesafe.com\/?post_type=product&#038;p=14925"},"modified":"2026-02-10T11:14:13","modified_gmt":"2026-02-10T11:14:13","slug":"barrieres-de-securite-a-fermeture-automatique-double-barre","status":"publish","type":"product","link":"https:\/\/wholesale.cablesafe.com\/fr\/product\/self-closing-safety-gates-double-bar\/","title":{"rendered":"Barri\u00e8res de s\u00e9curit\u00e9 auto-fermantes \u00e0 double barreau"},"content":{"rendered":"<p>La barri\u00e8re de s\u00e9curit\u00e9 industrielle \u00e0 fermeture automatique utilise la gravit\u00e9 pour se fermer, elle ne d\u00e9pend donc pas de ressorts, d'amortisseurs, de cames ou d'op\u00e9rateurs. Les protecteurs mobiles sont faciles \u00e0 installer et peuvent s'articuler \u00e0 gauche ou \u00e0 droite. Les barri\u00e8res de s\u00e9curit\u00e9 industrielles sont r\u00e9sistantes \u00e0 la corrosion et ne n\u00e9cessitent aucun entretien. Ces protections sont conformes aux normes OSHA et ISO. Les barri\u00e8res de s\u00e9curit\u00e9 \u00e0 fermeture automatique sont utilis\u00e9es dans les \u00e9oliennes pour am\u00e9liorer la s\u00e9curit\u00e9 des \u00e9chelles et des ouvertures. Exemples de domaines dans lesquels les protecteurs mobiles industriels sont n\u00e9cessaires selon les normes :<\/p>\n<p>Barri\u00e8res de s\u00e9curit\u00e9 industrielles sur un toit ou une plate-forme de travail sur\u00e9lev\u00e9e (&gt; 500 mm), lorsqu'une \u00e9chelle n\u00e9cessite un espace dans le garde-corps qui prot\u00e8ge un bord, les barri\u00e8res sont n\u00e9cessaires. Les barri\u00e8res de s\u00e9curit\u00e9 industrielles sont con\u00e7ues pour \u00eatre fix\u00e9es au garde-corps ou \u00e0 la structure de l'\u00e9chelle de mani\u00e8re \u00e0 ce que l'espace dans le garde-corps soit ferm\u00e9 par gravit\u00e9 ou par une barri\u00e8re de s\u00e9curit\u00e9 \u00e0 fermeture automatique \u00e0 ressort. Les protections en plastique deviennent la norme dans l'industrie. Ils ne se d\u00e9gradent pas par la corrosion et ne n\u00e9cessitent pas d'entretien. Les barri\u00e8res de s\u00e9curit\u00e9 industrielles sont une solution fiable pour prot\u00e9ger les personnes contre les chutes accidentelles \u00e0 travers les ouvertures des garde-corps.<\/p>\n<p>Barri\u00e8res de s\u00e9curit\u00e9 industrielles dans les zones de passage s\u00fbres : pour que le sc\u00e9nario soit le plus s\u00fbr possible, le pi\u00e9ton doit savoir quand il entre dans une zone de passage s\u00fbre et quand il en sort. Les barri\u00e8res de s\u00e9curit\u00e9 industrielles contribuent \u00e0 renforcer la prise de conscience des pi\u00e9tons lorsqu'ils entrent et sortent d'une zone de s\u00e9curit\u00e9.<\/p>\n<p>ID de l'article :<br \/>\nUDG-22<br \/>\nUDG-27<br \/>\nUDG-32<br \/>\nUDG-37<br \/>\nUDG-MAGNET<br \/>\nUDG-TUBE**<br \/>\nUDG-STK**<br \/>\nUDG-RBK**<\/p>","protected":false},"excerpt":{"rendered":"<p>* Les barri\u00e8res de s\u00e9curit\u00e9 sont fournies avec des pi\u00e8ces d'installation galvanis\u00e9es pour une installation r\u00e9guli\u00e8re.<br \/>\n** Pour d'autres dimensions de tubes, veuillez nous contacter<\/p>","protected":false},"featured_media":14963,"template":"","meta":[],"product_brand":[],"product_cat":[26,199],"product_tag":[],"class_list":{"0":"post-14925","1":"product","2":"type-product","3":"status-publish","4":"has-post-thumbnail","6":"product_cat-dropped-objects-prevention","7":"product_cat-self-closing-safety-gates-double-bar","9":"first","10":"instock","11":"taxable","12":"shipping-taxable","13":"product-type-variable"},"_links":{"self":[{"href":"https:\/\/wholesale.cablesafe.com\/fr\/wp-json\/wp\/v2\/product\/14925","targetHints":{"allow":["GET"]}}],"collection":[{"href":"https:\/\/wholesale.cablesafe.com\/fr\/wp-json\/wp\/v2\/product"}],"about":[{"href":"https:\/\/wholesale.cablesafe.com\/fr\/wp-json\/wp\/v2\/types\/product"}],"wp:featuredmedia":[{"embeddable":true,"href":"https:\/\/wholesale.cablesafe.com\/fr\/wp-json\/wp\/v2\/media\/14963"}],"wp:attachment":[{"href":"https:\/\/wholesale.cablesafe.com\/fr\/wp-json\/wp\/v2\/media?parent=14925"}],"wp:term":[{"taxonomy":"product_brand","embeddable":true,"href":"https:\/\/wholesale.cablesafe.com\/fr\/wp-json\/wp\/v2\/product_brand?post=14925"},{"taxonomy":"product_cat","embeddable":true,"href":"https:\/\/wholesale.cablesafe.com\/fr\/wp-json\/wp\/v2\/product_cat?post=14925"},{"taxonomy":"product_tag","embeddable":true,"href":"https:\/\/wholesale.cablesafe.com\/fr\/wp-json\/wp\/v2\/product_tag?post=14925"}],"curies":[{"name":"wp","href":"https:\/\/api.w.org\/{rel}","templated":true}]}}