{"id":14980,"date":"2025-10-14T09:30:59","date_gmt":"2025-10-14T09:30:59","guid":{"rendered":"https:\/\/wholesale.cablesafe.com\/?post_type=product&#038;p=14980"},"modified":"2026-03-12T09:35:08","modified_gmt":"2026-03-12T09:35:08","slug":"protetor-de-folhas-de-bobinas-magneticas","status":"publish","type":"product","link":"https:\/\/wholesale.cablesafe.com\/pt\/product\/magnetic-coils-sheets-protector\/","title":{"rendered":"Protetor magn\u00e9tico de bobinas e folhas"},"content":{"rendered":"<p>CableSafe Magnetic Coils &amp; Sheets Protector offers instant magnetic grip for faster, safer, and more reliable steel transport.<\/p>\n<p>Reduz os passos de manuseamento, minimiza o risco de les\u00f5es e assegura uma fixa\u00e7\u00e3o segura com uma distribui\u00e7\u00e3o uniforme da press\u00e3o.<\/p>","protected":false},"excerpt":{"rendered":"<p>O protetor magn\u00e9tico para bobinas e folhas CableSafe foi concebido para profissionais do transporte de a\u00e7o que valorizam a seguran\u00e7a e a efici\u00eancia. Com a sua poderosa pega magn\u00e9tica, o protetor encaixa instantaneamente no lugar, mesmo antes de a cinta ser apertada. Este design inteligente reduz o manuseamento, diminui o risco de les\u00f5es e mant\u00e9m os fluxos de trabalho r\u00e1pidos e suaves. O resultado \u00e9 uma fixa\u00e7\u00e3o segura, uma distribui\u00e7\u00e3o uniforme da press\u00e3o e uma prote\u00e7\u00e3o fi\u00e1vel tanto para as bobinas como para os materiais circundantes.<\/p>\n<p>ID do artigo:<br \/>\nMCSP-OM-65<\/p>\n<p>* Vendido em lotes de 25 unidades<\/p>","protected":false},"featured_media":14981,"template":"","meta":[],"product_brand":[],"product_cat":[25],"product_tag":[],"class_list":{"0":"post-14980","1":"product","2":"type-product","3":"status-publish","4":"has-post-thumbnail","6":"product_cat-confined-space-safety","8":"first","9":"instock","10":"taxable","11":"shipping-taxable","12":"product-type-simple"},"_links":{"self":[{"href":"https:\/\/wholesale.cablesafe.com\/pt\/wp-json\/wp\/v2\/product\/14980","targetHints":{"allow":["GET"]}}],"collection":[{"href":"https:\/\/wholesale.cablesafe.com\/pt\/wp-json\/wp\/v2\/product"}],"about":[{"href":"https:\/\/wholesale.cablesafe.com\/pt\/wp-json\/wp\/v2\/types\/product"}],"wp:featuredmedia":[{"embeddable":true,"href":"https:\/\/wholesale.cablesafe.com\/pt\/wp-json\/wp\/v2\/media\/14981"}],"wp:attachment":[{"href":"https:\/\/wholesale.cablesafe.com\/pt\/wp-json\/wp\/v2\/media?parent=14980"}],"wp:term":[{"taxonomy":"product_brand","embeddable":true,"href":"https:\/\/wholesale.cablesafe.com\/pt\/wp-json\/wp\/v2\/product_brand?post=14980"},{"taxonomy":"product_cat","embeddable":true,"href":"https:\/\/wholesale.cablesafe.com\/pt\/wp-json\/wp\/v2\/product_cat?post=14980"},{"taxonomy":"product_tag","embeddable":true,"href":"https:\/\/wholesale.cablesafe.com\/pt\/wp-json\/wp\/v2\/product_tag?post=14980"}],"curies":[{"name":"wp","href":"https:\/\/api.w.org\/{rel}","templated":true}]}}