{"id":298,"date":"2024-10-01T06:27:43","date_gmt":"2024-10-01T06:27:43","guid":{"rendered":"https:\/\/wholesale.cablesafe.com\/?post_type=product&#038;p=298"},"modified":"2026-03-12T09:00:23","modified_gmt":"2026-03-12T09:00:23","slug":"-5","status":"publish","type":"product","link":"https:\/\/wholesale.cablesafe.com\/pt\/product\/manhole-quick-confined-space-barrier\/","title":{"rendered":"Barreira r\u00e1pida para espa\u00e7os confinados em bueiros"},"content":{"rendered":"<p><img fetchpriority=\"high\" decoding=\"async\" class=\"alignnone wp-image-10420\" src=\"https:\/\/cablesafe.com\/wp-content\/uploads\/2022\/08\/Untitled-video-\u2010-Gemaakt-met-Clipchamp-4.gif\" alt=\"\" width=\"451\" height=\"451\" \/><\/p>\n<p>Esta barreira de prote\u00e7\u00e3o de caixas de visita \u00e9 utilizada pelas maiores multinacionais do petr\u00f3leo e do g\u00e1s para proteger as suas caixas de visita durante os trabalhos de manuten\u00e7\u00e3o e instala\u00e7\u00e3o. As barreiras de seguran\u00e7a garantem, assim, que as pessoas possam caminhar e trabalhar em seguran\u00e7a no seu ambiente de trabalho. A barreira de prote\u00e7\u00e3o para espa\u00e7os confinados Manhole Quick \u00e9 ajust\u00e1vel em comprimento e est\u00e1 dispon\u00edvel em diferentes tamanhos, para que possa encontrar a cobertura perfeita para espa\u00e7os confinados. Se quiser trabalhar num local de trabalho seguro, precisa de uma barreira para bueiros.<\/p>","protected":false},"excerpt":{"rendered":"<p><strong style=\"color: #555555;\">Barreira r\u00e1pida para restringir o acesso \u00e0 c\u00e2mara de visita<\/strong><\/p>\n<p>A Barreira R\u00e1pida para Bocas de Visita CableSafe \u00e9 muito flex\u00edvel e adequada para sinalizar e restringir o acesso a uma vasta gama de \u00e1reas fora dos limites e perigosas atrav\u00e9s de aberturas, fendas, portas, janelas, aberturas, respiradouros e corredores de trabalho. Esta barreira f\u00e1cil de instalar \u00e9 necess\u00e1ria se quiser trabalhar de forma segura, r\u00e1pida e eficiente.<\/p>\n<p>A barreira r\u00e1pida para espa\u00e7os confinados restringe o acesso \u00e0 c\u00e2mara de visita. Fabricada com materiais robustos e f\u00e1cil de instalar. Possibilidade de tamanho personalizado. A barreira para c\u00e2maras de visita de f\u00e1cil instala\u00e7\u00e3o \u00e9 produzida nos Pa\u00edses Baixos.<\/p>\n<p>ID do artigo:<br \/>\nMH-QUICK BARR 45-84<br \/>\nMH-QUICK BARR 64-94<br \/>\nMH-QUICK BARR LOCK<\/p>\n<p>* Quantidade m\u00ednima de encomenda de 2 unidades<br \/>\n** LOTO opcional 100 EUR \/ pc - 110 USD \/ pc - 90 GBP \/ pc<\/p>","protected":false},"featured_media":393,"template":"","meta":[],"product_brand":[],"product_cat":[25,207],"product_tag":[],"class_list":{"0":"post-298","1":"product","2":"type-product","3":"status-publish","4":"has-post-thumbnail","6":"product_cat-confined-space-safety","7":"product_cat-manhole-quick-confined-space-barrier","9":"first","10":"instock","11":"taxable","12":"shipping-taxable","13":"product-type-variable"},"_links":{"self":[{"href":"https:\/\/wholesale.cablesafe.com\/pt\/wp-json\/wp\/v2\/product\/298","targetHints":{"allow":["GET"]}}],"collection":[{"href":"https:\/\/wholesale.cablesafe.com\/pt\/wp-json\/wp\/v2\/product"}],"about":[{"href":"https:\/\/wholesale.cablesafe.com\/pt\/wp-json\/wp\/v2\/types\/product"}],"wp:featuredmedia":[{"embeddable":true,"href":"https:\/\/wholesale.cablesafe.com\/pt\/wp-json\/wp\/v2\/media\/393"}],"wp:attachment":[{"href":"https:\/\/wholesale.cablesafe.com\/pt\/wp-json\/wp\/v2\/media?parent=298"}],"wp:term":[{"taxonomy":"product_brand","embeddable":true,"href":"https:\/\/wholesale.cablesafe.com\/pt\/wp-json\/wp\/v2\/product_brand?post=298"},{"taxonomy":"product_cat","embeddable":true,"href":"https:\/\/wholesale.cablesafe.com\/pt\/wp-json\/wp\/v2\/product_cat?post=298"},{"taxonomy":"product_tag","embeddable":true,"href":"https:\/\/wholesale.cablesafe.com\/pt\/wp-json\/wp\/v2\/product_tag?post=298"}],"curies":[{"name":"wp","href":"https:\/\/api.w.org\/{rel}","templated":true}]}}