{"id":304,"date":"2024-10-01T06:27:43","date_gmt":"2024-10-01T06:27:43","guid":{"rendered":"https:\/\/wholesale.cablesafe.com\/?post_type=product&#038;p=304"},"modified":"2026-02-10T11:13:20","modified_gmt":"2026-02-10T11:13:20","slug":"-8","status":"publish","type":"product","link":"https:\/\/wholesale.cablesafe.com\/pt\/product\/dropped-objects-prevention-safety-lanyard\/","title":{"rendered":"Cord\u00e3o de seguran\u00e7a para preven\u00e7\u00e3o de queda de objectos"},"content":{"rendered":"<p>As correias de preven\u00e7\u00e3o de quedas de objectos da Cablesafe proporcionam uma reten\u00e7\u00e3o secund\u00e1ria essencial, fixando os dispositivos de fixa\u00e7\u00e3o suspensos para evitar que objectos perigosos ca\u00eddos atinjam o ch\u00e3o de trabalho em caso de falha da fixa\u00e7\u00e3o prim\u00e1ria ou do suporte. Constru\u00eddas em a\u00e7o inoxid\u00e1vel AISI316 dur\u00e1vel, estas correias foram concebidas para suportar as condi\u00e7\u00f5es exigentes dos ambientes em terra e no mar. Concebidas a pensar na seguran\u00e7a, t\u00eam uma garantia de 3 anos, assegurando uma prote\u00e7\u00e3o fi\u00e1vel para as suas opera\u00e7\u00f5es.<\/p>","protected":false},"excerpt":{"rendered":"<p><strong>Reten\u00e7\u00e3o secund\u00e1ria fi\u00e1vel para dispositivos de fixa\u00e7\u00e3o suspensos.<\/strong><br \/>\nAs correias de a\u00e7o inoxid\u00e1vel CableSafe proporcionam uma fixa\u00e7\u00e3o secund\u00e1ria superior para dispositivos instalados em altura. Concebidas especificamente para ambientes offshore agressivos, estas correias oferecem um desempenho excecional e uma durabilidade duradoura.<\/p>\n<p>&nbsp;<\/p>\n<p><strong>ID do artigo:<\/strong><br \/>\nDOPSN-LANYARD 1,25M<br \/>\nDOPSN-LANYARD 2,5M<\/p>\n<p class=\"p1\"><i>* Vendido em lotes de 10 unidades<\/i><\/p>","protected":false},"featured_media":455,"template":"","meta":[],"product_brand":[],"product_cat":[26,198],"product_tag":[],"class_list":{"0":"post-304","1":"product","2":"type-product","3":"status-publish","4":"has-post-thumbnail","6":"product_cat-dropped-objects-prevention","7":"product_cat-dropped-objects-prevention-safety-lanyard","9":"first","10":"instock","11":"taxable","12":"shipping-taxable","13":"product-type-variable"},"_links":{"self":[{"href":"https:\/\/wholesale.cablesafe.com\/pt\/wp-json\/wp\/v2\/product\/304","targetHints":{"allow":["GET"]}}],"collection":[{"href":"https:\/\/wholesale.cablesafe.com\/pt\/wp-json\/wp\/v2\/product"}],"about":[{"href":"https:\/\/wholesale.cablesafe.com\/pt\/wp-json\/wp\/v2\/types\/product"}],"wp:featuredmedia":[{"embeddable":true,"href":"https:\/\/wholesale.cablesafe.com\/pt\/wp-json\/wp\/v2\/media\/455"}],"wp:attachment":[{"href":"https:\/\/wholesale.cablesafe.com\/pt\/wp-json\/wp\/v2\/media?parent=304"}],"wp:term":[{"taxonomy":"product_brand","embeddable":true,"href":"https:\/\/wholesale.cablesafe.com\/pt\/wp-json\/wp\/v2\/product_brand?post=304"},{"taxonomy":"product_cat","embeddable":true,"href":"https:\/\/wholesale.cablesafe.com\/pt\/wp-json\/wp\/v2\/product_cat?post=304"},{"taxonomy":"product_tag","embeddable":true,"href":"https:\/\/wholesale.cablesafe.com\/pt\/wp-json\/wp\/v2\/product_tag?post=304"}],"curies":[{"name":"wp","href":"https:\/\/api.w.org\/{rel}","templated":true}]}}